{"id":71,"date":"2023-11-07T13:32:45","date_gmt":"2023-11-07T21:32:45","guid":{"rendered":"https:\/\/import.bellevuetheme.com\/camping\/blog-masonry\/"},"modified":"2023-11-07T13:32:45","modified_gmt":"2023-11-07T21:32:45","slug":"blog-masonry","status":"publish","type":"page","link":"https:\/\/nomadajarabacoa.com\/?page_id=71","title":{"rendered":"Blog &#8211; Masonry"},"content":{"rendered":"\t\t<div data-elementor-type=\"wp-page\" data-elementor-id=\"71\" class=\"elementor elementor-71\">\n\t\t\t\t\t\t<section class=\"elementor-section elementor-top-section elementor-element elementor-element-72b609a5 elementor-section-stretched elementor-section-boxed elementor-section-height-default elementor-section-height-default\" data-id=\"72b609a5\" data-element_type=\"section\" data-settings=\"{&quot;stretch_section&quot;:&quot;section-stretched&quot;}\">\n\t\t\t\t\t\t<div class=\"elementor-container elementor-column-gap-wider\">\n\t\t\t\t\t<div class=\"elementor-column elementor-col-100 elementor-top-column elementor-element elementor-element-687a6842\" data-id=\"687a6842\" data-element_type=\"column\">\n\t\t\t<div class=\"elementor-widget-wrap elementor-element-populated\">\n\t\t\t\t\t\t<div class=\"elementor-element elementor-element-3b19ef6 elementor-widget elementor-widget-heading\" data-id=\"3b19ef6\" data-element_type=\"widget\" data-widget_type=\"heading.default\">\n\t\t\t\t<div class=\"elementor-widget-container\">\n\t\t\t\t\t<h2 class=\"elementor-heading-title elementor-size-default\">Blog - Masonry<\/h2>\t\t\t\t<\/div>\n\t\t\t\t<\/div>\n\t\t\t\t\t<\/div>\n\t\t<\/div>\n\t\t\t\t\t<\/div>\n\t\t<\/section>\n\t\t\t\t<section class=\"elementor-section elementor-top-section elementor-element elementor-element-13a4c5ee elementor-section-stretched elementor-section-boxed elementor-section-height-default elementor-section-height-default\" data-id=\"13a4c5ee\" data-element_type=\"section\" data-settings=\"{&quot;stretch_section&quot;:&quot;section-stretched&quot;}\">\n\t\t\t\t\t\t<div class=\"elementor-container elementor-column-gap-wider\">\n\t\t\t\t\t<div class=\"elementor-column elementor-col-100 elementor-top-column elementor-element elementor-element-127ac927\" data-id=\"127ac927\" data-element_type=\"column\">\n\t\t\t<div class=\"elementor-widget-wrap elementor-element-populated\">\n\t\t\t\t\t\t<div class=\"elementor-element elementor-element-4b908dd elementor-widget-divider--view-line elementor-widget elementor-widget-divider\" data-id=\"4b908dd\" data-element_type=\"widget\" data-widget_type=\"divider.default\">\n\t\t\t\t<div class=\"elementor-widget-container\">\n\t\t\t\t\t\t\t<div class=\"elementor-divider\">\n\t\t\t<span class=\"elementor-divider-separator\">\n\t\t\t\t\t\t<\/span>\n\t\t<\/div>\n\t\t\t\t\t\t<\/div>\n\t\t\t\t<\/div>\n\t\t\t\t\t<\/div>\n\t\t<\/div>\n\t\t\t\t\t<\/div>\n\t\t<\/section>\n\t\t\t\t<section class=\"elementor-section elementor-top-section elementor-element elementor-element-16254da3 elementor-section-boxed elementor-section-height-default elementor-section-height-default\" data-id=\"16254da3\" data-element_type=\"section\">\n\t\t\t\t\t\t<div class=\"elementor-container elementor-column-gap-no\">\n\t\t\t\t\t<div class=\"elementor-column elementor-col-100 elementor-top-column elementor-element elementor-element-63d49721\" data-id=\"63d49721\" data-element_type=\"column\">\n\t\t\t<div class=\"elementor-widget-wrap elementor-element-populated\">\n\t\t\t\t\t\t<div class=\"elementor-element elementor-element-6280cf6c elementor-widget elementor-widget-themo-blog\" data-id=\"6280cf6c\" data-element_type=\"widget\" data-widget_type=\"themo-blog.default\">\n\t\t\t\t<div class=\"elementor-widget-container\">\n\t\t\t\t\t\n                                <section class=\"th-masonry-blog th-blog-3-col\">\n\n                        <div class=\"mas-blog row\">\n                            <div class=\"mas-blog-post-sizer col-sm-6 col-md-4\"><\/div>\n                                                                                            <div class=\"mas-blog-post col-sm-6 col-md-4 post-447 post type-post status-publish format-standard has-post-thumbnail hentry category-uncategorized\">\n                                                <a href=\"https:\/\/nomadajarabacoa.com\/?p=447\">\n            <br \/>\n<b>Warning<\/b>:  Undefined variable $image_size in <b>\/home\/nomadajarabacoa\/public_html\/wp-content\/plugins\/aloha-powerpack\/elements\/blog_templates\/content-standard.php<\/b> on line <b>9<\/b><br \/>\n<img fetchpriority=\"high\" decoding=\"async\" width=\"1024\" height=\"1024\" src=\"https:\/\/nomadajarabacoa.com\/wp-content\/uploads\/2026\/02\/image-6.png\" class=\"img-responsive wp-post-image\" alt=\"\" srcset=\"https:\/\/nomadajarabacoa.com\/wp-content\/uploads\/2026\/02\/image-6.png 1024w, https:\/\/nomadajarabacoa.com\/wp-content\/uploads\/2026\/02\/image-6-300x300.png 300w, https:\/\/nomadajarabacoa.com\/wp-content\/uploads\/2026\/02\/image-6-150x150.png 150w, https:\/\/nomadajarabacoa.com\/wp-content\/uploads\/2026\/02\/image-6-768x768.png 768w, https:\/\/nomadajarabacoa.com\/wp-content\/uploads\/2026\/02\/image-6-80x80.png 80w, https:\/\/nomadajarabacoa.com\/wp-content\/uploads\/2026\/02\/image-6-394x394.png 394w, https:\/\/nomadajarabacoa.com\/wp-content\/uploads\/2026\/02\/image-6-303x303.png 303w, https:\/\/nomadajarabacoa.com\/wp-content\/uploads\/2026\/02\/image-6-605x605.png 605w, https:\/\/nomadajarabacoa.com\/wp-content\/uploads\/2026\/02\/image-6-700x700.png 700w, https:\/\/nomadajarabacoa.com\/wp-content\/uploads\/2026\/02\/image-6-950x950.png 950w, https:\/\/nomadajarabacoa.com\/wp-content\/uploads\/2026\/02\/image-6-100x100.png 100w\" sizes=\"(max-width: 1024px) 100vw, 1024px\" \/>        <\/a>\n    \n<div class=\"post-inner\">\n    <h3 class=\"post-title\"><a href=\"https:\/\/nomadajarabacoa.com\/?p=447\">Gu\u00eda de Actividades<\/a><\/h3>\n\n    <div class=\"post-meta\">\n    <a href=\"https:\/\/nomadajarabacoa.com\/?cat=1\" rel=\"category\">Uncategorized<\/a><\/div>\n\n            <div class=\"entry-content post-excerpt\">\n            <p>\n                Gu\u00eda definitiva: Qu\u00e9 hacer en tu pr\u00f3xima visita a Jarabacoa Jarabacoa es conocida como la ciudad de la \u00abEterna Primavera\u00bb, y no es por casualidad. Su ubicaci\u00f3n privilegiada ofrece una lista interminable de actividades para todos los gustos. Si te &hellip; <a href=\"https:\/\/nomadajarabacoa.com\/?p=447\">Read More<\/a>            <\/p>\n        <\/div>\n            <div class=\"date-meta\">\n    <span class=\"thmv-author\">\n    <i class=\"xs-icon fa fa-calendar-o\"><\/i>\n    <!--div class=\"post-meta\"-->\n        <span class=\"themo-mas-date-meta show-author\"><a href=\"https:\/\/nomadajarabacoa.com\/author\/yold120\" title=\"Entradas de admin\" rel=\"author\">admin<\/a><\/span>\n    <\/span>\n    \n        <time class=\"themo-mas-date-meta published thmv-date\" datetime=\"2026-02-13T00:03:41+00:00\">febrero 13, 2026<\/time>\n            <!--\/div-->\n    <span class=\"is-sticky\">Featured Post<\/span>\n<\/div><\/div>\n                                <\/div>\n\n                                                                                            <div class=\"mas-blog-post col-sm-6 col-md-4 post-444 post type-post status-publish format-standard has-post-thumbnail hentry category-uncategorized\">\n                                                <a href=\"https:\/\/nomadajarabacoa.com\/?p=444\">\n            <br \/>\n<b>Warning<\/b>:  Undefined variable $image_size in <b>\/home\/nomadajarabacoa\/public_html\/wp-content\/plugins\/aloha-powerpack\/elements\/blog_templates\/content-standard.php<\/b> on line <b>9<\/b><br \/>\n<img decoding=\"async\" width=\"1024\" height=\"1024\" src=\"https:\/\/nomadajarabacoa.com\/wp-content\/uploads\/2026\/02\/image-5.png\" class=\"img-responsive wp-post-image\" alt=\"\" srcset=\"https:\/\/nomadajarabacoa.com\/wp-content\/uploads\/2026\/02\/image-5.png 1024w, https:\/\/nomadajarabacoa.com\/wp-content\/uploads\/2026\/02\/image-5-300x300.png 300w, https:\/\/nomadajarabacoa.com\/wp-content\/uploads\/2026\/02\/image-5-150x150.png 150w, https:\/\/nomadajarabacoa.com\/wp-content\/uploads\/2026\/02\/image-5-768x768.png 768w, https:\/\/nomadajarabacoa.com\/wp-content\/uploads\/2026\/02\/image-5-80x80.png 80w, https:\/\/nomadajarabacoa.com\/wp-content\/uploads\/2026\/02\/image-5-394x394.png 394w, https:\/\/nomadajarabacoa.com\/wp-content\/uploads\/2026\/02\/image-5-303x303.png 303w, https:\/\/nomadajarabacoa.com\/wp-content\/uploads\/2026\/02\/image-5-605x605.png 605w, https:\/\/nomadajarabacoa.com\/wp-content\/uploads\/2026\/02\/image-5-700x700.png 700w, https:\/\/nomadajarabacoa.com\/wp-content\/uploads\/2026\/02\/image-5-950x950.png 950w, https:\/\/nomadajarabacoa.com\/wp-content\/uploads\/2026\/02\/image-5-100x100.png 100w\" sizes=\"(max-width: 1024px) 100vw, 1024px\" \/>        <\/a>\n    \n<div class=\"post-inner\">\n    <h3 class=\"post-title\"><a href=\"https:\/\/nomadajarabacoa.com\/?p=444\">N\u00f3madas Digitales y Teletrabajo<\/a><\/h3>\n\n    <div class=\"post-meta\">\n    <a href=\"https:\/\/nomadajarabacoa.com\/?cat=1\" rel=\"category\">Uncategorized<\/a><\/div>\n\n            <div class=\"entry-content post-excerpt\">\n            <p>\n                Transforma tu oficina: Teletrabajo desde un Domo en Jarabacoa El concepto de \u00aboficina\u00bb ha cambiado dr\u00e1sticamente. Hoy en d\u00eda, la productividad no depende de cuatro paredes de concreto, sino de un entorno que inspire la creatividad. En nuestros domos en &hellip; <a href=\"https:\/\/nomadajarabacoa.com\/?p=444\">Read More<\/a>            <\/p>\n        <\/div>\n            <div class=\"date-meta\">\n    <span class=\"thmv-author\">\n    <i class=\"xs-icon fa fa-calendar-o\"><\/i>\n    <!--div class=\"post-meta\"-->\n        <span class=\"themo-mas-date-meta show-author\"><a href=\"https:\/\/nomadajarabacoa.com\/author\/yold120\" title=\"Entradas de admin\" rel=\"author\">admin<\/a><\/span>\n    <\/span>\n    \n        <time class=\"themo-mas-date-meta published thmv-date\" datetime=\"2026-02-13T00:02:18+00:00\">febrero 13, 2026<\/time>\n            <!--\/div-->\n    <span class=\"is-sticky\">Featured Post<\/span>\n<\/div><\/div>\n                                <\/div>\n\n                                                                                            <div class=\"mas-blog-post col-sm-6 col-md-4 post-441 post type-post status-publish format-standard has-post-thumbnail hentry category-uncategorized\">\n                                                <a href=\"https:\/\/nomadajarabacoa.com\/?p=441\">\n            <br \/>\n<b>Warning<\/b>:  Undefined variable $image_size in <b>\/home\/nomadajarabacoa\/public_html\/wp-content\/plugins\/aloha-powerpack\/elements\/blog_templates\/content-standard.php<\/b> on line <b>9<\/b><br \/>\n<img decoding=\"async\" width=\"1024\" height=\"1024\" src=\"https:\/\/nomadajarabacoa.com\/wp-content\/uploads\/2026\/02\/image-4.png\" class=\"img-responsive wp-post-image\" alt=\"\" srcset=\"https:\/\/nomadajarabacoa.com\/wp-content\/uploads\/2026\/02\/image-4.png 1024w, https:\/\/nomadajarabacoa.com\/wp-content\/uploads\/2026\/02\/image-4-300x300.png 300w, https:\/\/nomadajarabacoa.com\/wp-content\/uploads\/2026\/02\/image-4-150x150.png 150w, https:\/\/nomadajarabacoa.com\/wp-content\/uploads\/2026\/02\/image-4-768x768.png 768w, https:\/\/nomadajarabacoa.com\/wp-content\/uploads\/2026\/02\/image-4-80x80.png 80w, https:\/\/nomadajarabacoa.com\/wp-content\/uploads\/2026\/02\/image-4-394x394.png 394w, https:\/\/nomadajarabacoa.com\/wp-content\/uploads\/2026\/02\/image-4-303x303.png 303w, https:\/\/nomadajarabacoa.com\/wp-content\/uploads\/2026\/02\/image-4-605x605.png 605w, https:\/\/nomadajarabacoa.com\/wp-content\/uploads\/2026\/02\/image-4-700x700.png 700w, https:\/\/nomadajarabacoa.com\/wp-content\/uploads\/2026\/02\/image-4-950x950.png 950w, https:\/\/nomadajarabacoa.com\/wp-content\/uploads\/2026\/02\/image-4-100x100.png 100w\" sizes=\"(max-width: 1024px) 100vw, 1024px\" \/>        <\/a>\n    \n<div class=\"post-inner\">\n    <h3 class=\"post-title\"><a href=\"https:\/\/nomadajarabacoa.com\/?p=441\">Glamping en Jarabacoa<\/a><\/h3>\n\n    <div class=\"post-meta\">\n    <a href=\"https:\/\/nomadajarabacoa.com\/?cat=1\" rel=\"category\">Uncategorized<\/a><\/div>\n\n            <div class=\"entry-content post-excerpt\">\n            <p>\n                Por qu\u00e9 el Glamping en Jarabacoa es la tendencia que debes vivir en 2026 Jarabacoa siempre ha sido el refugio favorito de quienes buscan escapar del calor de la ciudad, pero el concepto de glamping en domos ha elevado la &hellip; <a href=\"https:\/\/nomadajarabacoa.com\/?p=441\">Read More<\/a>            <\/p>\n        <\/div>\n            <div class=\"date-meta\">\n    <span class=\"thmv-author\">\n    <i class=\"xs-icon fa fa-calendar-o\"><\/i>\n    <!--div class=\"post-meta\"-->\n        <span class=\"themo-mas-date-meta show-author\"><a href=\"https:\/\/nomadajarabacoa.com\/author\/yold120\" title=\"Entradas de admin\" rel=\"author\">admin<\/a><\/span>\n    <\/span>\n    \n        <time class=\"themo-mas-date-meta published thmv-date\" datetime=\"2026-02-12T23:59:40+00:00\">febrero 12, 2026<\/time>\n            <!--\/div-->\n    <span class=\"is-sticky\">Featured Post<\/span>\n<\/div><\/div>\n                                <\/div>\n\n                            \n                        <\/div>\n                                            <\/section>\n\n                    \t\t\t\t<\/div>\n\t\t\t\t<\/div>\n\t\t\t\t\t<\/div>\n\t\t<\/div>\n\t\t\t\t\t<\/div>\n\t\t<\/section>\n\t\t\t\t<\/div>\n\t\t","protected":false},"excerpt":{"rendered":"<p>Blog &#8211; Masonry Leave No Trace: Responsible Camping and Outdoor Ethics Explore&nbsp;Hiking&nbsp;Travel Explore the principles of Leave No Trace and learn how to minimize your environmental impact while enjoying the great outdoors. &hellip; Read More Author November 7, 2023 Featured &hellip; <a href=\"https:\/\/nomadajarabacoa.com\/?p=441\">Read More<\/a><\/p>\n","protected":false},"author":1,"featured_media":0,"parent":0,"menu_order":31,"comment_status":"closed","ping_status":"closed","template":"","meta":{"_monsterinsights_skip_tracking":false,"_monsterinsights_sitenote_active":false,"_monsterinsights_sitenote_note":"","_monsterinsights_sitenote_category":0,"footnotes":""},"class_list":["post-71","page","type-page","status-publish","hentry"],"_links":{"self":[{"href":"https:\/\/nomadajarabacoa.com\/index.php?rest_route=\/wp\/v2\/pages\/71","targetHints":{"allow":["GET"]}}],"collection":[{"href":"https:\/\/nomadajarabacoa.com\/index.php?rest_route=\/wp\/v2\/pages"}],"about":[{"href":"https:\/\/nomadajarabacoa.com\/index.php?rest_route=\/wp\/v2\/types\/page"}],"author":[{"embeddable":true,"href":"https:\/\/nomadajarabacoa.com\/index.php?rest_route=\/wp\/v2\/users\/1"}],"replies":[{"embeddable":true,"href":"https:\/\/nomadajarabacoa.com\/index.php?rest_route=%2Fwp%2Fv2%2Fcomments&post=71"}],"version-history":[{"count":0,"href":"https:\/\/nomadajarabacoa.com\/index.php?rest_route=\/wp\/v2\/pages\/71\/revisions"}],"wp:attachment":[{"href":"https:\/\/nomadajarabacoa.com\/index.php?rest_route=%2Fwp%2Fv2%2Fmedia&parent=71"}],"curies":[{"name":"wp","href":"https:\/\/api.w.org\/{rel}","templated":true}]}}