{"id":52,"date":"2023-11-07T13:32:47","date_gmt":"2023-11-07T21:32:47","guid":{"rendered":"https:\/\/import.bellevuetheme.com\/camping\/blog-grid\/"},"modified":"2023-11-07T13:32:47","modified_gmt":"2023-11-07T21:32:47","slug":"blog-grid","status":"publish","type":"page","link":"https:\/\/nomadajarabacoa.com\/?page_id=52","title":{"rendered":"Blog &#8211; Grid"},"content":{"rendered":"\t\t<div data-elementor-type=\"wp-page\" data-elementor-id=\"52\" class=\"elementor elementor-52\">\n\t\t\t\t<div class=\"elementor-element elementor-element-2986d7c e-flex e-con-boxed e-con e-parent\" data-id=\"2986d7c\" data-element_type=\"container\">\n\t\t\t\t\t<div class=\"e-con-inner\">\n\t\t<div class=\"elementor-element elementor-element-289493e e-con-full e-flex e-con e-child\" data-id=\"289493e\" data-element_type=\"container\">\n\t\t\t\t<div class=\"elementor-element elementor-element-4e2f6e9 elementor-widget elementor-widget-heading\" data-id=\"4e2f6e9\" data-element_type=\"widget\" data-widget_type=\"heading.default\">\n\t\t\t\t<div class=\"elementor-widget-container\">\n\t\t\t\t\t<h2 class=\"elementor-heading-title elementor-size-default\">Blog - Grid<\/h2>\t\t\t\t<\/div>\n\t\t\t\t<\/div>\n\t\t\t\t<\/div>\n\t\t\t\t\t<\/div>\n\t\t\t\t<\/div>\n\t\t<div class=\"elementor-element elementor-element-118b7ee e-flex e-con-boxed e-con e-parent\" data-id=\"118b7ee\" data-element_type=\"container\">\n\t\t\t\t\t<div class=\"e-con-inner\">\n\t\t<div class=\"elementor-element elementor-element-da49a30 e-con-full e-flex e-con e-child\" data-id=\"da49a30\" data-element_type=\"container\">\n\t\t\t\t<div class=\"elementor-element elementor-element-954f2cb elementor-widget-divider--view-line elementor-widget elementor-widget-divider\" data-id=\"954f2cb\" data-element_type=\"widget\" data-widget_type=\"divider.default\">\n\t\t\t\t<div class=\"elementor-widget-container\">\n\t\t\t\t\t\t\t<div class=\"elementor-divider\">\n\t\t\t<span class=\"elementor-divider-separator\">\n\t\t\t\t\t\t<\/span>\n\t\t<\/div>\n\t\t\t\t\t\t<\/div>\n\t\t\t\t<\/div>\n\t\t\t\t<\/div>\n\t\t\t\t\t<\/div>\n\t\t\t\t<\/div>\n\t\t<div class=\"elementor-element elementor-element-8527819 e-flex e-con-boxed e-con e-parent\" data-id=\"8527819\" data-element_type=\"container\">\n\t\t\t\t\t<div class=\"e-con-inner\">\n\t\t<div class=\"elementor-element elementor-element-9ab8671 e-con-full e-flex e-con e-child\" data-id=\"9ab8671\" data-element_type=\"container\">\n\t\t\t\t<div class=\"elementor-element elementor-element-1b05140 elementor-widget elementor-widget-themo-blog\" data-id=\"1b05140\" data-element_type=\"widget\" data-widget_type=\"themo-blog.default\">\n\t\t\t\t<div class=\"elementor-widget-container\">\n\t\t\t\t\t\n                                <div class=\"thmv-blog-post thmv-post-styl-1 thmv-col-3 image-alignment-\">\n                                                <div class=\"thmv-column image-alignment-\">\n                                                       <div class=\"thmv-grid-img\">\n                                <a href=\"https:\/\/nomadajarabacoa.com\/?p=447\"><img decoding=\"async\" src=\"https:\/\/nomadajarabacoa.com\/wp-content\/uploads\/2026\/02\/image-6.png\" title=\"image (6)\" alt=\"image (6)\" loading=\"lazy\" \/><\/a>\n                            <\/div>\n                                                        <div class=\"thmv-info mas-blog-post\">\n                                                                \n                                <h3 class=\"post-title\"><a href=\"https:\/\/nomadajarabacoa.com\/?p=447\">Gu\u00eda de Actividades<\/a><\/h3>\n                                <div class=\"entry-content\"><p>Gu\u00eda definitiva: Qu\u00e9 hacer en tu pr\u00f3xima visita a Jarabacoa Jarabacoa es conocida como la ciudad de la \u00abEterna Primavera\u00bb, y no es por casualidad. Su ubicaci\u00f3n privilegiada ofrece una lista interminable de actividades para todos los gustos. Si te &hellip;<\/p><\/div>\n                                <a class=\"thmv-learn-btn thmv-w-100\" href=\"https:\/\/nomadajarabacoa.com\/?p=447\">Read More                                                                         <svg width=\"19\" height=\"10\" viewBox=\"0 0 19 10\" fill=\"none\" xmlns=\"http:\/\/www.w3.org\/2000\/svg\">\n                                        <path d=\"M18.4596 5.45962C18.7135 5.20578 18.7135 4.79422 18.4596 4.54038L14.323 0.403807C14.0692 0.149967 13.6576 0.149966 13.4038 0.403807C13.15 0.657648 13.15 1.06921 13.4038 1.32305L17.0808 5L13.4038 8.67696C13.15 8.9308 13.15 9.34235 13.4038 9.59619C13.6576 9.85004 14.0692 9.85004 14.323 9.5962L18.4596 5.45962ZM-5.68248e-08 5.65L18 5.65L18 4.35L5.68248e-08 4.35L-5.68248e-08 5.65Z\" fill=\"#191B18\"\/>\n                                    <\/svg>\n                                                                                                         <\/a>\n                            <\/div>\n                        <\/div>\n                                                <div class=\"thmv-column image-alignment-\">\n                                                       <div class=\"thmv-grid-img\">\n                                <a href=\"https:\/\/nomadajarabacoa.com\/?p=444\"><img decoding=\"async\" src=\"https:\/\/nomadajarabacoa.com\/wp-content\/uploads\/2026\/02\/image-5.png\" title=\"image (5)\" alt=\"image (5)\" loading=\"lazy\" \/><\/a>\n                            <\/div>\n                                                        <div class=\"thmv-info mas-blog-post\">\n                                                                \n                                <h3 class=\"post-title\"><a href=\"https:\/\/nomadajarabacoa.com\/?p=444\">N\u00f3madas Digitales y Teletrabajo<\/a><\/h3>\n                                <div class=\"entry-content\"><p>Transforma tu oficina: Teletrabajo desde un Domo en Jarabacoa El concepto de \u00aboficina\u00bb ha cambiado dr\u00e1sticamente. Hoy en d\u00eda, la productividad no depende de cuatro paredes de concreto, sino de un entorno que inspire la creatividad. En nuestros domos en &hellip;<\/p><\/div>\n                                <a class=\"thmv-learn-btn thmv-w-100\" href=\"https:\/\/nomadajarabacoa.com\/?p=444\">Read More                                                                         <svg width=\"19\" height=\"10\" viewBox=\"0 0 19 10\" fill=\"none\" xmlns=\"http:\/\/www.w3.org\/2000\/svg\">\n                                        <path d=\"M18.4596 5.45962C18.7135 5.20578 18.7135 4.79422 18.4596 4.54038L14.323 0.403807C14.0692 0.149967 13.6576 0.149966 13.4038 0.403807C13.15 0.657648 13.15 1.06921 13.4038 1.32305L17.0808 5L13.4038 8.67696C13.15 8.9308 13.15 9.34235 13.4038 9.59619C13.6576 9.85004 14.0692 9.85004 14.323 9.5962L18.4596 5.45962ZM-5.68248e-08 5.65L18 5.65L18 4.35L5.68248e-08 4.35L-5.68248e-08 5.65Z\" fill=\"#191B18\"\/>\n                                    <\/svg>\n                                                                                                         <\/a>\n                            <\/div>\n                        <\/div>\n                                                <div class=\"thmv-column image-alignment-\">\n                                                       <div class=\"thmv-grid-img\">\n                                <a href=\"https:\/\/nomadajarabacoa.com\/?p=441\"><img decoding=\"async\" src=\"https:\/\/nomadajarabacoa.com\/wp-content\/uploads\/2026\/02\/image-4.png\" title=\"image (4)\" alt=\"image (4)\" loading=\"lazy\" \/><\/a>\n                            <\/div>\n                                                        <div class=\"thmv-info mas-blog-post\">\n                                                                \n                                <h3 class=\"post-title\"><a href=\"https:\/\/nomadajarabacoa.com\/?p=441\">Glamping en Jarabacoa<\/a><\/h3>\n                                <div class=\"entry-content\"><p>Por qu\u00e9 el Glamping en Jarabacoa es la tendencia que debes vivir en 2026 Jarabacoa siempre ha sido el refugio favorito de quienes buscan escapar del calor de la ciudad, pero el concepto de glamping en domos ha elevado la &hellip;<\/p><\/div>\n                                <a class=\"thmv-learn-btn thmv-w-100\" href=\"https:\/\/nomadajarabacoa.com\/?p=441\">Read More                                                                         <svg width=\"19\" height=\"10\" viewBox=\"0 0 19 10\" fill=\"none\" xmlns=\"http:\/\/www.w3.org\/2000\/svg\">\n                                        <path d=\"M18.4596 5.45962C18.7135 5.20578 18.7135 4.79422 18.4596 4.54038L14.323 0.403807C14.0692 0.149967 13.6576 0.149966 13.4038 0.403807C13.15 0.657648 13.15 1.06921 13.4038 1.32305L17.0808 5L13.4038 8.67696C13.15 8.9308 13.15 9.34235 13.4038 9.59619C13.6576 9.85004 14.0692 9.85004 14.323 9.5962L18.4596 5.45962ZM-5.68248e-08 5.65L18 5.65L18 4.35L5.68248e-08 4.35L-5.68248e-08 5.65Z\" fill=\"#191B18\"\/>\n                                    <\/svg>\n                                                                                                         <\/a>\n                            <\/div>\n                        <\/div>\n                                            <\/div>\n                                        <!--- Post-style-1 start end--->\n                \t\t\t\t<\/div>\n\t\t\t\t<\/div>\n\t\t\t\t<\/div>\n\t\t\t\t\t<\/div>\n\t\t\t\t<\/div>\n\t\t\t\t<\/div>\n\t\t","protected":false},"excerpt":{"rendered":"<p>Blog &#8211; Grid Tent Camping 101: A Beginner&#8217;s Guide to Outdoor Adventure New to tent camping? Discover the basics of setting up camp, cooking over an open fire, and making the most of your outdoor experience. &hellip; Read More The &hellip; <a href=\"https:\/\/nomadajarabacoa.com\/?p=441\">Read More<\/a><\/p>\n","protected":false},"author":1,"featured_media":0,"parent":0,"menu_order":29,"comment_status":"closed","ping_status":"closed","template":"","meta":{"_monsterinsights_skip_tracking":false,"_monsterinsights_sitenote_active":false,"_monsterinsights_sitenote_note":"","_monsterinsights_sitenote_category":0,"footnotes":""},"class_list":["post-52","page","type-page","status-publish","hentry"],"_links":{"self":[{"href":"https:\/\/nomadajarabacoa.com\/index.php?rest_route=\/wp\/v2\/pages\/52","targetHints":{"allow":["GET"]}}],"collection":[{"href":"https:\/\/nomadajarabacoa.com\/index.php?rest_route=\/wp\/v2\/pages"}],"about":[{"href":"https:\/\/nomadajarabacoa.com\/index.php?rest_route=\/wp\/v2\/types\/page"}],"author":[{"embeddable":true,"href":"https:\/\/nomadajarabacoa.com\/index.php?rest_route=\/wp\/v2\/users\/1"}],"replies":[{"embeddable":true,"href":"https:\/\/nomadajarabacoa.com\/index.php?rest_route=%2Fwp%2Fv2%2Fcomments&post=52"}],"version-history":[{"count":0,"href":"https:\/\/nomadajarabacoa.com\/index.php?rest_route=\/wp\/v2\/pages\/52\/revisions"}],"wp:attachment":[{"href":"https:\/\/nomadajarabacoa.com\/index.php?rest_route=%2Fwp%2Fv2%2Fmedia&parent=52"}],"curies":[{"name":"wp","href":"https:\/\/api.w.org\/{rel}","templated":true}]}}